{"id":601,"date":"2018-11-20T15:37:42","date_gmt":"2018-11-20T14:37:42","guid":{"rendered":"https:\/\/se-group.info\/il-gruppo\/service-engineering"},"modified":"2019-11-15T11:25:44","modified_gmt":"2019-11-15T10:25:44","slug":"service-engineering","status":"publish","type":"page","link":"https:\/\/se-group.memetic.cloud\/de\/die-unternehmensgruppe\/service-engineering\/","title":{"rendered":"Service engineering"},"content":{"rendered":"<ul>\n<li>\u00dcbernahme der Aufgabe als externer LDAS (Leiter der Dienststelle f\u00fcr Arbeitsschutz) f\u00fcr alle Arten von Betrieben<\/li>\n<li>Technische Unterst\u00fctzung\/technisch-rechtliche Betreuung im Bereich Sicherheit am Arbeitsplatz f\u00fcr Arbeitgeber, welche selber die Aufgabe als interner LDAS \u00fcbernehmen<\/li>\n<li>Betriebliches Check-up im Bereich Sicherheit<\/li>\n<li>Lokalaugenscheine f\u00fcr die Bewertung von neuen Arbeitsbereichen<\/li>\n<\/ul>\n<p>Service Engineering ist im Jahre 2001 gegr\u00fcndet worden und besteht aus einem Team von Fachleuten, mit dem Ziel, den Unternehmen technische Dienstleistungen im Bereich Sicherheit anzubieten.<br \/>\nSeit dem Jahr 2015 sind wir Service Engineering GmbH Ingenieurgesellschaft geworden und k\u00fcmmern uns zus\u00e4tzlich zu allen Dienstleistungen im Bereich Sicherheit am Arbeitsplatz (Betriebe und Baustellen) auch um Baugenehmigungen.<\/p>\n","protected":false},"excerpt":{"rendered":"<p>\u00dcbernahme der Aufgabe als externer LDAS (Leiter der Dienststelle f\u00fcr Arbeitsschutz) f\u00fcr alle Arten von Betrieben Technische Unterst\u00fctzung\/technisch-rechtliche Betreuung im Bereich Sicherheit am Arbeitsplatz f\u00fcr Arbeitgeber, welche selber die Aufgabe als interner LDAS \u00fcbernehmen Betriebliches Check-up im Bereich Sicherheit Lokalaugenscheine f\u00fcr die Bewertung von neuen Arbeitsbereichen Service Engineering ist im Jahre 2001 gegr\u00fcndet worden und [&hellip;]<\/p>\n","protected":false},"author":11,"featured_media":438,"parent":588,"menu_order":0,"comment_status":"closed","ping_status":"closed","template":"","meta":[],"_links":{"self":[{"href":"https:\/\/se-group.memetic.cloud\/de\/wp-json\/wp\/v2\/pages\/601\/"}],"collection":[{"href":"https:\/\/se-group.memetic.cloud\/de\/wp-json\/wp\/v2\/pages\/"}],"about":[{"href":"https:\/\/se-group.memetic.cloud\/de\/wp-json\/wp\/v2\/types\/page\/"}],"author":[{"embeddable":true,"href":"https:\/\/se-group.memetic.cloud\/de\/wp-json\/wp\/v2\/users\/11\/"}],"replies":[{"embeddable":true,"href":"https:\/\/se-group.memetic.cloud\/de\/wp-json\/wp\/v2\/comments\/?post=601"}],"version-history":[{"count":0,"href":"https:\/\/se-group.memetic.cloud\/de\/wp-json\/wp\/v2\/pages\/601\/revisions\/"}],"up":[{"embeddable":true,"href":"https:\/\/se-group.memetic.cloud\/de\/wp-json\/wp\/v2\/pages\/588\/"}],"wp:featuredmedia":[{"embeddable":true,"href":"https:\/\/se-group.memetic.cloud\/de\/wp-json\/wp\/v2\/media\/438\/"}],"wp:attachment":[{"href":"https:\/\/se-group.memetic.cloud\/de\/wp-json\/wp\/v2\/media\/?parent=601"}],"curies":[{"name":"wp","href":"https:\/\/api.w.org\/{rel}","templated":true}]}}