{"id":597,"date":"2018-11-21T16:45:47","date_gmt":"2018-11-21T15:45:47","guid":{"rendered":"https:\/\/se-group.info\/il-gruppo\/arsis"},"modified":"2019-11-19T14:54:48","modified_gmt":"2019-11-19T13:54:48","slug":"arsis","status":"publish","type":"page","link":"https:\/\/se-group.memetic.cloud\/de\/die-unternehmensgruppe\/arsis\/","title":{"rendered":"Arsis"},"content":{"rendered":"<ul>\n<li>\u00dcbernahme der Aufgabe als externer LDAS (Leiter der Dienststelle f\u00fcr Arbeitsschutz) f\u00fcr alle Arten von Betrieben<\/li>\n<li>Technische Unterst\u00fctzung\/technisch-rechtliche Betreuung im Bereich Sicherheit am Arbeitsplatz f\u00fcr Arbeitgeber, welche selber die Aufgabe als interner LDAS \u00fcbernehmen<\/li>\n<li>Beratung in allen Bereichen der Arbeitssicherheit und des Gesundheitsschutzes, betriebliche Check-up\u2019s<\/li>\n<li>Lokalaugenscheine f\u00fcr die Bewertung von neuen Arbeitsbereichen<\/li>\n<li>Abhaltung und Organisation von Aus- und Weiterbildungskursen gem\u00e4\u00df Staaten-Regionen-Abkommen<\/li>\n<\/ul>\n<p>Angesichts der immer gr\u00f6\u00dferen Wichtigkeit der Arbeitssicherheit in den Betrieben ist im Jahre 2010 die Firma ARSIS GmbH gegr\u00fcndet worden.<\/p>\n<p>Das Team besteht aus unterschiedlichen Fachleuten aus verschiedenen Bereichen.<\/p>\n","protected":false},"excerpt":{"rendered":"<p>\u00dcbernahme der Aufgabe als externer LDAS (Leiter der Dienststelle f\u00fcr Arbeitsschutz) f\u00fcr alle Arten von Betrieben Technische Unterst\u00fctzung\/technisch-rechtliche Betreuung im Bereich Sicherheit am Arbeitsplatz f\u00fcr Arbeitgeber, welche selber die Aufgabe als interner LDAS \u00fcbernehmen Beratung in allen Bereichen der Arbeitssicherheit und des Gesundheitsschutzes, betriebliche Check-up\u2019s Lokalaugenscheine f\u00fcr die Bewertung von neuen Arbeitsbereichen Abhaltung und Organisation [&hellip;]<\/p>\n","protected":false},"author":11,"featured_media":443,"parent":588,"menu_order":0,"comment_status":"closed","ping_status":"closed","template":"","meta":[],"_links":{"self":[{"href":"https:\/\/se-group.memetic.cloud\/de\/wp-json\/wp\/v2\/pages\/597\/"}],"collection":[{"href":"https:\/\/se-group.memetic.cloud\/de\/wp-json\/wp\/v2\/pages\/"}],"about":[{"href":"https:\/\/se-group.memetic.cloud\/de\/wp-json\/wp\/v2\/types\/page\/"}],"author":[{"embeddable":true,"href":"https:\/\/se-group.memetic.cloud\/de\/wp-json\/wp\/v2\/users\/11\/"}],"replies":[{"embeddable":true,"href":"https:\/\/se-group.memetic.cloud\/de\/wp-json\/wp\/v2\/comments\/?post=597"}],"version-history":[{"count":0,"href":"https:\/\/se-group.memetic.cloud\/de\/wp-json\/wp\/v2\/pages\/597\/revisions\/"}],"up":[{"embeddable":true,"href":"https:\/\/se-group.memetic.cloud\/de\/wp-json\/wp\/v2\/pages\/588\/"}],"wp:featuredmedia":[{"embeddable":true,"href":"https:\/\/se-group.memetic.cloud\/de\/wp-json\/wp\/v2\/media\/443\/"}],"wp:attachment":[{"href":"https:\/\/se-group.memetic.cloud\/de\/wp-json\/wp\/v2\/media\/?parent=597"}],"curies":[{"name":"wp","href":"https:\/\/api.w.org\/{rel}","templated":true}]}}