{"id":592,"date":"2018-11-21T16:41:57","date_gmt":"2018-11-21T15:41:57","guid":{"rendered":"https:\/\/se-group.info\/il-gruppo\/aqa"},"modified":"2019-11-19T14:49:28","modified_gmt":"2019-11-19T13:49:28","slug":"aqa","status":"publish","type":"page","link":"https:\/\/se-group.memetic.cloud\/de\/die-unternehmensgruppe\/aqa\/","title":{"rendered":"AQA"},"content":{"rendered":"<p>Im Einzelnen f\u00fchren wir \u00dcberpr\u00fcfungen und Instandhaltungen gem\u00e4\u00df italienischer und europ\u00e4ischer Bestimmungen durch und zwar von:<\/p>\n<ul>\n<li>Tragbare und fahrbare Feuerl\u00f6scher<\/li>\n<li>Hydrantenanlagen bestehend aus Schl\u00e4uchen, Haspeln, Oberflur- und Unterflurhydranten, Motorpumpen-Anschl\u00fcsse<\/li>\n<li>Brandschutzt\u00fcren und Notausg\u00e4nge<\/li>\n<li>Rauchabz\u00fcge<\/li>\n<li>Brandschutzklappen<\/li>\n<li>Notbeleuchtung<\/li>\n<li>Druckausgleichsanlagen f\u00fcr R\u00e4umlichkeiten mit Filter<\/li>\n<li>Druckausgleichsgruppen f\u00fcr die Versorgung von Brandmeldeanlagen<\/li>\n<li>Brandmeldeanlagen (Rauch, Hitze und Gas)<\/li>\n<li>Automatische L\u00f6schanlagen wie:\n<ul>\n<li>Sprinkleranlagen<\/li>\n<li>L\u00f6schanlagen mit inerten Gasen<\/li>\n<li>Areosol-L\u00f6schanlagen<\/li>\n<li>L\u00f6schanlagen mit nebulisiertem Wasser &#8220;water mist&#8221; mit Nieder- oder Hochdruck<\/li>\n<li>Schaum-L\u00f6schanlagen mit niederer, mittlerer und hoher Ausbreitung<\/li>\n<\/ul>\n<\/li>\n<\/ul>\n<p style=\"margin: 0cm;margin-bottom: .0001pt;vertical-align: baseline\"><span style=\"font-family: 'PT Serif','serif';color: black\">Das Unternehmen A.Q.A. GmbH ist seit Jahren im Bereich der \u00dcberpr\u00fcfung und Wartung von Brandschutzausr\u00fcstung und Brandschutzanlagen t\u00e4tig.<\/span><\/p>\n","protected":false},"excerpt":{"rendered":"<p>Im Einzelnen f\u00fchren wir \u00dcberpr\u00fcfungen und Instandhaltungen gem\u00e4\u00df italienischer und europ\u00e4ischer Bestimmungen durch und zwar von: Tragbare und fahrbare Feuerl\u00f6scher Hydrantenanlagen bestehend aus Schl\u00e4uchen, Haspeln, Oberflur- und Unterflurhydranten, Motorpumpen-Anschl\u00fcsse Brandschutzt\u00fcren und Notausg\u00e4nge Rauchabz\u00fcge Brandschutzklappen Notbeleuchtung Druckausgleichsanlagen f\u00fcr R\u00e4umlichkeiten mit Filter Druckausgleichsgruppen f\u00fcr die Versorgung von Brandmeldeanlagen Brandmeldeanlagen (Rauch, Hitze und Gas) Automatische L\u00f6schanlagen wie: Sprinkleranlagen [&hellip;]<\/p>\n","protected":false},"author":11,"featured_media":432,"parent":588,"menu_order":0,"comment_status":"closed","ping_status":"closed","template":"","meta":[],"_links":{"self":[{"href":"https:\/\/se-group.memetic.cloud\/de\/wp-json\/wp\/v2\/pages\/592\/"}],"collection":[{"href":"https:\/\/se-group.memetic.cloud\/de\/wp-json\/wp\/v2\/pages\/"}],"about":[{"href":"https:\/\/se-group.memetic.cloud\/de\/wp-json\/wp\/v2\/types\/page\/"}],"author":[{"embeddable":true,"href":"https:\/\/se-group.memetic.cloud\/de\/wp-json\/wp\/v2\/users\/11\/"}],"replies":[{"embeddable":true,"href":"https:\/\/se-group.memetic.cloud\/de\/wp-json\/wp\/v2\/comments\/?post=592"}],"version-history":[{"count":1,"href":"https:\/\/se-group.memetic.cloud\/de\/wp-json\/wp\/v2\/pages\/592\/revisions\/"}],"predecessor-version":[{"id":616,"href":"https:\/\/se-group.memetic.cloud\/de\/wp-json\/wp\/v2\/pages\/592\/revisions\/616\/"}],"up":[{"embeddable":true,"href":"https:\/\/se-group.memetic.cloud\/de\/wp-json\/wp\/v2\/pages\/588\/"}],"wp:featuredmedia":[{"embeddable":true,"href":"https:\/\/se-group.memetic.cloud\/de\/wp-json\/wp\/v2\/media\/432\/"}],"wp:attachment":[{"href":"https:\/\/se-group.memetic.cloud\/de\/wp-json\/wp\/v2\/media\/?parent=592"}],"curies":[{"name":"wp","href":"https:\/\/api.w.org\/{rel}","templated":true}]}}