{"id":590,"date":"2019-02-08T10:09:04","date_gmt":"2019-02-08T09:09:04","guid":{"rendered":"https:\/\/se-group.info\/?page_id=590"},"modified":"2019-11-19T15:39:56","modified_gmt":"2019-11-19T14:39:56","slug":"__trashed","status":"publish","type":"page","link":"https:\/\/se-group.memetic.cloud\/de\/die-unternehmensgruppe\/__trashed\/","title":{"rendered":"Acel"},"content":{"rendered":"<p>Seit dem Jahre 2002 hat ACEL GmbH eine eigene Abteilung f\u00fcr den Bereich <strong>Legionellen f\u00fcr Krankenh\u00e4user, Heime und Betriebe<\/strong> auf nationaler Ebene geschaffen.<\/p>\n<p>ACEL GmbH verf\u00fcgt \u00fcber verschiedene Fachleute, wie Biotechnologen, Chemiker und Ingenieure, welche sich fortlaufend mit dem Thema der Legionellen auseinandersetzen und <em><strong>Risikoanalysen<\/strong> anhand der Beschaffenheit der Anlagen und Umwelteigenschaften im Betrieb f\u00fcr die Kunden erstellen<\/em>.<\/p>\n<p><strong>ACEL GmbH<\/strong> stellt die Erfahrung des eigenen technischen hoch ausgebildeten Teams in der <strong>Behandlung industrieller Abw\u00e4sser und der Vorbeugung und \u00dcberpr\u00fcfung der Verbreitung des Legionellen-Bakteriums<\/strong>\u00a0zur Verf\u00fcgung und versichert maximale Professionalit\u00e4t und Vertraulichkeit.<\/p>\n","protected":false},"excerpt":{"rendered":"<p>Seit dem Jahre 2002 hat ACEL GmbH eine eigene Abteilung f\u00fcr den Bereich Legionellen f\u00fcr Krankenh\u00e4user, Heime und Betriebe auf nationaler Ebene geschaffen. ACEL GmbH verf\u00fcgt \u00fcber verschiedene Fachleute, wie Biotechnologen, Chemiker und Ingenieure, welche sich fortlaufend mit dem Thema der Legionellen auseinandersetzen und Risikoanalysen anhand der Beschaffenheit der Anlagen und Umwelteigenschaften im Betrieb f\u00fcr [&hellip;]<\/p>\n","protected":false},"author":6,"featured_media":502,"parent":588,"menu_order":0,"comment_status":"closed","ping_status":"closed","template":"","meta":[],"_links":{"self":[{"href":"https:\/\/se-group.memetic.cloud\/de\/wp-json\/wp\/v2\/pages\/590\/"}],"collection":[{"href":"https:\/\/se-group.memetic.cloud\/de\/wp-json\/wp\/v2\/pages\/"}],"about":[{"href":"https:\/\/se-group.memetic.cloud\/de\/wp-json\/wp\/v2\/types\/page\/"}],"author":[{"embeddable":true,"href":"https:\/\/se-group.memetic.cloud\/de\/wp-json\/wp\/v2\/users\/6\/"}],"replies":[{"embeddable":true,"href":"https:\/\/se-group.memetic.cloud\/de\/wp-json\/wp\/v2\/comments\/?post=590"}],"version-history":[{"count":0,"href":"https:\/\/se-group.memetic.cloud\/de\/wp-json\/wp\/v2\/pages\/590\/revisions\/"}],"up":[{"embeddable":true,"href":"https:\/\/se-group.memetic.cloud\/de\/wp-json\/wp\/v2\/pages\/588\/"}],"wp:featuredmedia":[{"embeddable":true,"href":"https:\/\/se-group.memetic.cloud\/de\/wp-json\/wp\/v2\/media\/502\/"}],"wp:attachment":[{"href":"https:\/\/se-group.memetic.cloud\/de\/wp-json\/wp\/v2\/media\/?parent=590"}],"curies":[{"name":"wp","href":"https:\/\/api.w.org\/{rel}","templated":true}]}}