{"id":588,"date":"2018-11-15T16:10:42","date_gmt":"2018-11-15T15:10:42","guid":{"rendered":"https:\/\/se-group.info\/il-gruppo"},"modified":"2019-07-23T12:21:30","modified_gmt":"2019-07-23T10:21:30","slug":"die-unternehmensgruppe","status":"publish","type":"page","link":"https:\/\/se-group.memetic.cloud\/de\/die-unternehmensgruppe\/","title":{"rendered":"Die Unternehmensgruppe"},"content":{"rendered":"<p>Durch unsere langj\u00e4hrige Erfahrung im Facility-Management-Bereich, stellen wir dem Kunden unser Wissen zur Verf\u00fcgung, damit er sich noch besser auf seine Kernt\u00e4tigkeit konzentrieren kann.<\/p>\n","protected":false},"excerpt":{"rendered":"<p>Durch unsere langj\u00e4hrige Erfahrung im Facility-Management-Bereich, stellen wir dem Kunden unser Wissen zur Verf\u00fcgung, damit er sich noch besser auf seine Kernt\u00e4tigkeit konzentrieren kann.<\/p>\n","protected":false},"author":11,"featured_media":512,"parent":0,"menu_order":0,"comment_status":"closed","ping_status":"closed","template":"","meta":[],"_links":{"self":[{"href":"https:\/\/se-group.memetic.cloud\/de\/wp-json\/wp\/v2\/pages\/588\/"}],"collection":[{"href":"https:\/\/se-group.memetic.cloud\/de\/wp-json\/wp\/v2\/pages\/"}],"about":[{"href":"https:\/\/se-group.memetic.cloud\/de\/wp-json\/wp\/v2\/types\/page\/"}],"author":[{"embeddable":true,"href":"https:\/\/se-group.memetic.cloud\/de\/wp-json\/wp\/v2\/users\/11\/"}],"replies":[{"embeddable":true,"href":"https:\/\/se-group.memetic.cloud\/de\/wp-json\/wp\/v2\/comments\/?post=588"}],"version-history":[{"count":1,"href":"https:\/\/se-group.memetic.cloud\/de\/wp-json\/wp\/v2\/pages\/588\/revisions\/"}],"predecessor-version":[{"id":589,"href":"https:\/\/se-group.memetic.cloud\/de\/wp-json\/wp\/v2\/pages\/588\/revisions\/589\/"}],"wp:featuredmedia":[{"embeddable":true,"href":"https:\/\/se-group.memetic.cloud\/de\/wp-json\/wp\/v2\/media\/512\/"}],"wp:attachment":[{"href":"https:\/\/se-group.memetic.cloud\/de\/wp-json\/wp\/v2\/media\/?parent=588"}],"curies":[{"name":"wp","href":"https:\/\/api.w.org\/{rel}","templated":true}]}}