{"id":334,"date":"2018-10-17T12:42:58","date_gmt":"2018-10-17T10:42:58","guid":{"rendered":"https:\/\/se-group.info\/privacy-policy"},"modified":"2019-09-03T13:55:00","modified_gmt":"2019-09-03T11:55:00","slug":"privacy-policy","status":"publish","type":"page","link":"https:\/\/se-group.memetic.cloud\/de\/privacy-policy\/","title":{"rendered":"Privacy policy"},"content":{"rendered":"<p><strong>Hinweise zur Datenverarbeitung <\/strong><strong><strong> gem\u00e4\u00df Artt. 13 und 14 DSGVO 679\/2016 <\/strong><\/strong><br \/>\nDiese Datenschutzhinweise erl\u00e4utern die Art und und Weise der Verarbeitung der gesammelten personenbezogenen Daten der folgenden Gesellschaften:<b><br \/>\nACEL GMBH<br \/>\nAIR EXPERT GMBH<br \/>\nANTINCENDIO QUALIT\u00c0 AMBIENTE GMBH<br \/>\nARSIS GMBH<br \/>\nELETTROLUCE KG DES SALTORI MARIANO &amp; CO.<br \/>\nSECUREXPERT GMBH<br \/>\nSERVICE &amp; CONSULTING GMBH<br \/>\nSERVICE ENGINEERING GMBH <\/b><\/p>\n<p>welche das Unternehmensnetzwerk mit der Bezeichnung <b>SE GROUP <\/b> bilden.<\/p>\n<p><b>SE GROUP <\/b> erkennt die Wichtigkeit des Schutzes der personenbezogenen Daten und verpflichtet sich diese korrekt, rechtm\u00e4\u00dfig und transparent im Sinne der EU-Richtlinie 2016\/679 (DSGVO) zu verarbeiten.<\/p>\n<ol>\n<li style=\"list-style-type: none\">\n<ol>\n<li><b>Verantwortlicher der Verarbeitung:<\/b><br \/>\nDieses Informationsschreiben gilt f\u00fcr die Verarbeitung der Daten vonseiten des Verantwortlichen: <b>SE GROUP <\/b> , mit Rechtssitz in 39044 Neumarkt (BZ), Obere Insel,17 und Betriebssitz in 38121 Trento (TN), Via Kufstein, 1.<br \/>\nEmail: admin@se-group.info<br \/>\nTelefon: +39 0471 883126 und +39 0461 914946<\/li>\n<li><b>Erhebung und Speicherung personenbezogener Daten sowie Art und Zweck deren Verarbeitung:<\/b><br \/>\nDie Verarbeitung der personenbezogenen Daten wie z.B. Name, Nachname, Firmenbezeichnung, Steuerkodex und MwStr.Nr., Adresse, Telefon\/Fax, E-mail, Bank- und Zahlungsverbindungen erfolgt zu folgenden Zwecken:<\/p>\n<ul>\n<li>verwaltungsm\u00e4\u00dfige, steuerrechtliche oder interne buchhalterische Pflichten zur Erf\u00fcllung der vetraglichen und der allgemeinen Pflichten, welche f\u00fcr den Verantowortlichen aus Gesetzen oder Regelwerken, EU-Verordnungen, aus Anfragen der Gerichtsbeh\u00f6rden oder um die Erf\u00fcllung der Rechte des Verantwortlichen zu erf\u00fcllen.<\/li>\n<li>Einschreibung f\u00fcr Kurse<\/li>\n<li>Erhalt von Einladungen zu Aus- und Weiterbildungskursen. Falls Sie daran nicht mehr interessiert sind, k\u00f6nnen Sie sich <a href=\"https:\/\/se-group.memetic.cloud\/de\/eliminazione-email\/email-adresse-entfernen\/\">hier<\/a> abmelden<\/li>\n<li>Marketing, Ihre Email-Adresse kann f\u00fcr die Zusendung von Newslettern, Neuheiten im Bezug auf die T\u00e4tigkeit des Verantwortlichen, Werbeunterlagen oder gesch\u00e4ftlichen Mitteilungen vonseiten des Verantwortlichen verwendet werden. Falls Sie an diesem Dienst nicht mehr interessiert sind, k\u00f6nnen Sie sich <a href=\"https:\/\/se-group.memetic.cloud\/de\/eliminazione-email\/email-adresse-entfernen\/\">hier<\/a> abmelden.<\/li>\n<\/ul>\n<\/li>\n<li><b>Rechtliche Grundlage:<\/b><br \/>\n<u>Vertragserf\u00fcllung: <\/u>Erf\u00fcllung eines Vertrages in dem Sie eine Partei sind.<br \/>\n<u>Marketingzwecke: <\/u>fakultative Einwilligung, die jederzeit widerrufbar ist, indem Sie den Dienst \u00fcber <a href=\"https:\/\/se-group.memetic.cloud\/de\/eliminazione-email\/email-adresse-entfernen\/\">diesen Link<\/a> abmelden<br \/>\n<u>gesetzliche Pflichten: <\/u>Erf\u00fcllen von Pflichten, welche von Regelwerken, nationalen und \u00fcberstaatlichen anwendbaren Bestimmungen vorgesehen sind.<\/li>\n<li><b>Zeitraum der Aufbewahrung der personenbezogenen Daten:<\/b><br \/>\n<u>Vertragserf\u00fcllung und gesetzliche Pflichten:<\/u> Ihre personenbezogenen Daten werden vom Verantwortlichen f\u00fcr den gesamten Vertragszeitraum verarbeitet und gespeichert. Bei Ablauf desselben werden diese f\u00fcr den aufgrund von steuer- und handelsrechtlichen Aufbewahrungs- und Dokumentationspflichten n\u00f6tigen Zeitraum weiter gespeichert und aufbewahrt.<br \/>\n<u>Marketingzwecke:<\/u> bis zum Widerruf f\u00fcr diesen Zweck bzw. bis zur Abmeldung \u00fcber <a href=\"https:\/\/se-group.memetic.cloud\/de\/eliminazione-email\/email-adresse-entfernen\/\">diesen Link<\/a>.<br \/>\nNach Ablauf des ob genannten Aufbewahrungszeitraumes werden Ihre personenbezogenen Daten kompatibel mit der Verfahrensweise der L\u00f6schung, zerst\u00f6rt, gel\u00f6scht oder anonymisiert.<\/li>\n<li><b>Art der Verarbeitung:<\/b><br \/>\nDie Verarbeitung Ihrer Daten erfolgt \u00fcber geeignete Instrumente und Verfahren unter Ber\u00fccksichtigung der Sicherheit und Geheimhaltung und kann mittels elektronischer Ger\u00e4te oder im Papierform stattfinden.<\/li>\n<li><b>Verpflichtende oder freiwillige Mitteilung von Daten: <\/b><br \/>\nDie Mitteilung von personenbezogenen Daten im Zusammenhang mit der Verarbeitung hat freiwilligen Charakter. Eine nicht vollst\u00e4ndige oder keine Mitteilung der Daten kann aber zu einer unvollst\u00e4ndigen Erf\u00fcllung oder einer kompletten Nichterf\u00fcllung des Vertrages oder der Fortf\u00fchrung desselben f\u00fchren.<br \/>\nDie Mitteilung der Daten zu Marketingzwecke ist fakultativ und kann jederzeit widerrufen werden, indem Sie sich \u00fcber <a href=\"https:\/\/se-group.memetic.cloud\/de\/eliminazione-email\/email-adresse-entfernen\/\">diesen Link<\/a> abmelden.<\/li>\n<li><b>F\u00fcr die Verarbeitung befugte Subjekte:<\/b><br \/>\nIhre Daten k\u00f6nnen von den Mitarbeiter der <b> SE GROUP <\/b> und der am Unternehmensnetzwerk beteiligten oben angef\u00fchrten Gesellschaften verarbeitet werden, um die ob genannten Zwecke zu erf\u00fcllen.<\/li>\n<li><b>Weitergabe an Dritte:<\/b><br \/>\nFalls notwendig, k\u00f6nnen Ihre Daten von als Auftragsverarbeiter erm\u00e4chtige Dritte (gem\u00e4\u00df Art. 28 DSGVO) oder \u201cautonome\u201d Verantwortliche verarbeitet werden, und zwar:<\/p>\n<ul>\n<li>von Freiberuflern, Gesellschaften oder Kanzleien, welche dem Verantwortlichen einen Beistand oder eine Beratung f\u00fcr verwaltungsm\u00e4\u00dfige, buchhalterische, steuerrechtliche oder rechtliche Angelegenheiten liefern;<\/li>\n<li>von allen vom Gesetz vorgesehenen \u00f6ffentlichen Beh\u00f6rden und im Allgemeinen von allen Subjekten, welche von den geltenden buchhalterischen und steuerrechtlichen gesetzlichen Vorgaben als Empf\u00e4nger von verpflichtenden Mitteilungen vorgesehen sind;<\/li>\n<li>von Bankinstituten oder eventuellenen Freiberuflern \u2013 einzeln, in assoziierter oder gesellschaftlicher Form \u2013 f\u00fcr die Verwaltung des Inkasso und der Zahlungen;<\/li>\n<\/ul>\n<p>Die aktuelle Liste der Auftragsverarbeiter und der beauftragten Mitarbeiter liegt am Rechtssitz des Verantwortlichen auf. Die Benutzerdaten werden in jedem Fall nicht weitergegeben.<\/li>\n<li><b>Weiterreichung der Daten in Drittl\u00e4nder oder Organisationen: <\/b><br \/>\nIm Rahmen der Ausf\u00fchrung des Vertrages ist keine Weiterreichung der Daten des Kunden in Nicht-EU-Drittl\u00e4nder oder an internationale Organisationen vorgesehen.<\/li>\n<li><b>Rechte der Betroffenen:<\/b><br \/>\nSie haben das Recht:<\/p>\n<ul>\n<li>gem\u00e4\u00df Art. 7 Abs. 3 DSGVO Ihre einmal erteilte Einwilligung jederzeit gegen\u00fcber uns zu widerrufen. Dies hat zur Folge, dass wir die Datenverarbeitung, die auf dieser Einwilligung beruhte, f\u00fcr die Zukunft nicht mehr fortf\u00fchren d\u00fcrfen;<\/li>\n<li>gem\u00e4\u00df Art. 15 DSGVO Auskunft \u00fcber Ihre von uns verarbeiteten personenbezogenen Daten zu verlangen;<\/li>\n<li>gem\u00e4\u00df Art. 16 DSGVO unverz\u00fcglich die Berichtigung unrichtiger oder Vervollst\u00e4ndigung Ihrer bei uns gespeicherten personenbezogenen Daten zu verlangen;<\/li>\n<li>gem\u00e4\u00df Art. 17 DSGVO die L\u00f6schung Ihrer bei uns gespeicherten personenbezogenen Daten zu verlangen, soweit nicht die Verarbeitung zur Aus\u00fcbung des Rechts auf freie Meinungs\u00e4u\u00dferung und Information, zur Erf\u00fcllung einer rechtlichen Verpflichtung, aus Gr\u00fcnden des \u00f6ffentlichen Interesses oder zur Geltendmachung, Aus\u00fcbung oder Verteidigung von Rechtsanspr\u00fcchen erforderlich ist;<\/li>\n<li>gem\u00e4\u00df Art. 18 DSGVO die Einschr\u00e4nkung der Verarbeitung Ihrer personenbezogenen Daten zu verlangen, soweit die Richtigkeit der Daten von Ihnen bestritten wird, die Verarbeitung unrechtm\u00e4\u00dfig ist, Sie aber deren L\u00f6schung ablehnen und wir die Daten nicht mehr ben\u00f6tigen, Sie jedoch diese zur Abwicklung der Gesch\u00e4ftsbeziehung ben\u00f6tigen oder Sie gem\u00e4\u00df Art. 21 DSGVO Widerspruch gegen die Verarbeitung eingelegt haben;<\/li>\n<li>gem\u00e4\u00df Art. 20 DSGVO Ihre personenbezogenen Daten, die Sie uns bereitgestellt haben, in einem strukturierten, g\u00e4ngigen und maschinenlesebaren Format zu erhalten oder die \u00dcbermittlung an einen anderen Verantwortlichen zu verlangen;<\/li>\n<li>gem\u00e4\u00df Art. 77 DSGVO sich bei der Aufsichtsbeh\u00f6rde \u201cAutorit\u00e0 Garante per la protezione dei dati personali\u201d, Piazza di Montecitorio 121, 00186, Roma (RM) zu beschweren<\/li>\n<\/ul>\n<\/li>\n<li><b>Vorgehensweise bei der Aus\u00fcbung der Rechte: <\/b>\n<ul>\n<li>Die Aus\u00fcbung der Rechte vonseiten des Kunden ist gem\u00e4\u00df Art. 12 DSGVO kostenlos. Im Falle aber von klar nicht gerechtfertigten oder \u00fcberm\u00e4\u00dfigen Antr\u00e4gen, auch wegen der st\u00e4ndigen Wiederkehr derselben, k\u00f6nnte der Verantwortliche eine angemessene Spesenr\u00fcckverg\u00fctung unter Ber\u00fccksichtigung der daraus erfolgten Verwaltungsausgaben zur Bearbeitung Ihres Antrages in Rechnung gestellt werden oder den Antrag zur\u00fcckzuweisen;<\/li>\n<li>Im Falle, dass Ihre personenbezogenen Daten nicht f\u00fcr einen gerechtfertigten Zweck gem\u00e4\u00df Art. 6 Abs. 1 lit. f DSGVO verarbeitet werden, haben Sie das Recht, im Sinne des Art. 21 DSGVO, Widerspruch gegen die Verarbeitung Ihrer Daten einzureichen und die Gr\u00fcnde daf\u00fcr zu nennen. Um das Widerspruchsrecht geltend zu machen, k\u00f6nnen Sie eine Email an die Emailadresse: privacy@se-group.info senden<\/li>\n<\/ul>\n<\/li>\n<\/ol>\n<\/li>\n<\/ol>\n","protected":false},"excerpt":{"rendered":"<p>Hinweise zur Datenverarbeitung gem\u00e4\u00df Artt. 13 und 14 DSGVO 679\/2016 Diese Datenschutzhinweise erl\u00e4utern die Art und und Weise der Verarbeitung der gesammelten personenbezogenen Daten der folgenden Gesellschaften: ACEL GMBH AIR EXPERT GMBH ANTINCENDIO QUALIT\u00c0 AMBIENTE GMBH ARSIS GMBH ELETTROLUCE KG DES SALTORI MARIANO &amp; CO. SECUREXPERT GMBH SERVICE &amp; CONSULTING GMBH SERVICE ENGINEERING GMBH welche [&hellip;]<\/p>\n","protected":false},"author":11,"featured_media":0,"parent":0,"menu_order":0,"comment_status":"closed","ping_status":"closed","template":"","meta":[],"_links":{"self":[{"href":"https:\/\/se-group.memetic.cloud\/de\/wp-json\/wp\/v2\/pages\/334\/"}],"collection":[{"href":"https:\/\/se-group.memetic.cloud\/de\/wp-json\/wp\/v2\/pages\/"}],"about":[{"href":"https:\/\/se-group.memetic.cloud\/de\/wp-json\/wp\/v2\/types\/page\/"}],"author":[{"embeddable":true,"href":"https:\/\/se-group.memetic.cloud\/de\/wp-json\/wp\/v2\/users\/11\/"}],"replies":[{"embeddable":true,"href":"https:\/\/se-group.memetic.cloud\/de\/wp-json\/wp\/v2\/comments\/?post=334"}],"version-history":[{"count":1,"href":"https:\/\/se-group.memetic.cloud\/de\/wp-json\/wp\/v2\/pages\/334\/revisions\/"}],"predecessor-version":[{"id":721,"href":"https:\/\/se-group.memetic.cloud\/de\/wp-json\/wp\/v2\/pages\/334\/revisions\/721\/"}],"wp:attachment":[{"href":"https:\/\/se-group.memetic.cloud\/de\/wp-json\/wp\/v2\/media\/?parent=334"}],"curies":[{"name":"wp","href":"https:\/\/api.w.org\/{rel}","templated":true}]}}