{"id":1185,"date":"2022-05-30T11:00:57","date_gmt":"2022-05-30T09:00:57","guid":{"rendered":"https:\/\/www.se-group.info\/?page_id=1185"},"modified":"2022-08-23T14:33:42","modified_gmt":"2022-08-23T12:33:42","slug":"ausbildung-kurse","status":"publish","type":"page","link":"https:\/\/se-group.memetic.cloud\/de\/ausbildung-kurse\/","title":{"rendered":"Ausbildung new"},"content":{"rendered":"<p>Das Hauptziel der von der SE GROUP angebotenen Kurse ist es, nicht nur den gesetzlichen Pflichten gem\u00e4\u00df G.v.D. 81\/2008 und verschiedenen Staaten-Regionen-Abkommen nachzukommen, sondern vor allem um bei den Mitarbeitern das Bewusstsein im Bezug auf die Sicherheit zu steigern, indem durch Vorbeugung der Gesundheitschutz derselben gef\u00f6rdert und das Fachwissen erweitert wird.<\/p>\n<p>Au\u00dferdem werden spezifische und ma\u00dfgeschneiderte Kurse geplant bzw. angeboten und von unseren qualifizierten und erfahrenen Referenten, angemessener Ausr\u00fcstung und interaktiver Lehrmethoden, aber auch \u00fcber sachkundige Partner, gehalten.<\/p>\n<p>Die SE GROUP ist aus der Idee geboren, den Kunden einen einzigen Ansprechpartner f\u00fcr verschiedenste Bereiche anzubieten. Deshalb werden laufend umfangreiche Aus- und Weiterbildungskurse, Informationsveranstaltungen und Schulungen geplant.<\/p>\n<p>Au\u00dfderdem verf\u00fcgt die SE GROUP \u00fcber die Akreditierung in beiden Provinzen: f\u00fcr die Provinz Bozen (Dekret Nr. 24260\/2018) und f\u00fcr die Provinz Trient (Nr. 1301).<\/p>\n","protected":false},"excerpt":{"rendered":"<p>Das Hauptziel der von der SE GROUP angebotenen Kurse ist es, nicht nur den gesetzlichen Pflichten gem\u00e4\u00df G.v.D. 81\/2008 und verschiedenen Staaten-Regionen-Abkommen nachzukommen, sondern vor allem um bei den Mitarbeitern das Bewusstsein im Bezug auf die Sicherheit zu steigern, indem durch Vorbeugung der Gesundheitschutz derselben gef\u00f6rdert und das Fachwissen erweitert wird. Au\u00dferdem werden spezifische und [&hellip;]<\/p>\n","protected":false},"author":12,"featured_media":0,"parent":0,"menu_order":0,"comment_status":"closed","ping_status":"closed","template":"page-categories-courses.php","meta":[],"_links":{"self":[{"href":"https:\/\/se-group.memetic.cloud\/de\/wp-json\/wp\/v2\/pages\/1185\/"}],"collection":[{"href":"https:\/\/se-group.memetic.cloud\/de\/wp-json\/wp\/v2\/pages\/"}],"about":[{"href":"https:\/\/se-group.memetic.cloud\/de\/wp-json\/wp\/v2\/types\/page\/"}],"author":[{"embeddable":true,"href":"https:\/\/se-group.memetic.cloud\/de\/wp-json\/wp\/v2\/users\/12\/"}],"replies":[{"embeddable":true,"href":"https:\/\/se-group.memetic.cloud\/de\/wp-json\/wp\/v2\/comments\/?post=1185"}],"version-history":[{"count":1,"href":"https:\/\/se-group.memetic.cloud\/de\/wp-json\/wp\/v2\/pages\/1185\/revisions\/"}],"predecessor-version":[{"id":1187,"href":"https:\/\/se-group.memetic.cloud\/de\/wp-json\/wp\/v2\/pages\/1185\/revisions\/1187\/"}],"wp:attachment":[{"href":"https:\/\/se-group.memetic.cloud\/de\/wp-json\/wp\/v2\/media\/?parent=1185"}],"curies":[{"name":"wp","href":"https:\/\/api.w.org\/{rel}","templated":true}]}}